{"id":698,"date":"2023-10-04T12:20:30","date_gmt":"2023-10-04T10:20:30","guid":{"rendered":"https:\/\/grindexpert.nl\/kontakt\/"},"modified":"2026-01-20T10:15:30","modified_gmt":"2026-01-20T09:15:30","slug":"kontakt","status":"publish","type":"page","link":"https:\/\/grindexpert.nl\/de\/kontakt\/","title":{"rendered":"Kontakt"},"content":{"rendered":"\t\t<div data-elementor-type=\"wp-page\" data-elementor-id=\"698\" class=\"elementor elementor-698 elementor-170\" data-elementor-post-type=\"page\">\n\t\t\t\t<div class=\"elementor-element elementor-element-12d35dc e-con-full e-flex e-con e-parent\" data-id=\"12d35dc\" data-element_type=\"container\" data-e-type=\"container\" data-settings=\"{&quot;background_background&quot;:&quot;slideshow&quot;,&quot;background_slideshow_gallery&quot;:[{&quot;id&quot;:1033,&quot;url&quot;:&quot;https:\\\/\\\/grindexpert.nl\\\/wp-content\\\/smush-webp\\\/2024\\\/02\\\/IMG_2954-scaled.jpg.webp&quot;},{&quot;id&quot;:638,&quot;url&quot;:&quot;https:\\\/\\\/grindexpert.nl\\\/wp-content\\\/smush-webp\\\/2024\\\/01\\\/IMG_0656-1-scaled.jpeg.webp&quot;},{&quot;id&quot;:662,&quot;url&quot;:&quot;https:\\\/\\\/grindexpert.nl\\\/wp-content\\\/smush-webp\\\/2024\\\/01\\\/Terras-grindvloeren-51.jpeg.webp&quot;},{&quot;id&quot;:650,&quot;url&quot;:&quot;https:\\\/\\\/grindexpert.nl\\\/wp-content\\\/smush-webp\\\/2024\\\/01\\\/Terras-grindvloeren-20-scaled.jpeg.webp&quot;},{&quot;id&quot;:1001,&quot;url&quot;:&quot;https:\\\/\\\/grindexpert.nl\\\/wp-content\\\/smush-webp\\\/2024\\\/02\\\/IMG_2975-scaled.jpg.webp&quot;},{&quot;id&quot;:826,&quot;url&quot;:&quot;https:\\\/\\\/grindexpert.nl\\\/wp-content\\\/smush-webp\\\/2024\\\/02\\\/IMG_9260-scaled.jpeg.webp&quot;},{&quot;id&quot;:635,&quot;url&quot;:&quot;https:\\\/\\\/grindexpert.nl\\\/wp-content\\\/smush-webp\\\/2024\\\/01\\\/Terras-grindvloeren-22-scaled.jpeg.webp&quot;},{&quot;id&quot;:769,&quot;url&quot;:&quot;https:\\\/\\\/grindexpert.nl\\\/wp-content\\\/smush-webp\\\/2024\\\/01\\\/IMG_0471-scaled.jpeg.webp&quot;},{&quot;id&quot;:660,&quot;url&quot;:&quot;https:\\\/\\\/grindexpert.nl\\\/wp-content\\\/smush-webp\\\/2024\\\/01\\\/Terras-grindvloeren-10-scaled.jpeg.webp&quot;},{&quot;id&quot;:642,&quot;url&quot;:&quot;https:\\\/\\\/grindexpert.nl\\\/wp-content\\\/smush-webp\\\/2024\\\/01\\\/Terras-grindvloeren-37-scaled.jpeg.webp&quot;},{&quot;id&quot;:631,&quot;url&quot;:&quot;https:\\\/\\\/grindexpert.nl\\\/wp-content\\\/smush-webp\\\/2024\\\/01\\\/Terras-grindvloeren-14-scaled.jpeg.webp&quot;},{&quot;id&quot;:633,&quot;url&quot;:&quot;https:\\\/\\\/grindexpert.nl\\\/wp-content\\\/smush-webp\\\/2024\\\/01\\\/Terras-grindvloeren-34-scaled.jpeg.webp&quot;},{&quot;id&quot;:649,&quot;url&quot;:&quot;https:\\\/\\\/grindexpert.nl\\\/wp-content\\\/smush-webp\\\/2024\\\/01\\\/Terras-grindvloeren-6-scaled.jpeg.webp&quot;},{&quot;id&quot;:627,&quot;url&quot;:&quot;https:\\\/\\\/grindexpert.nl\\\/wp-content\\\/smush-webp\\\/2024\\\/01\\\/IMG_1020-1-scaled.jpeg.webp&quot;},{&quot;id&quot;:1007,&quot;url&quot;:&quot;https:\\\/\\\/grindexpert.nl\\\/wp-content\\\/smush-webp\\\/2024\\\/02\\\/IMG_3004-scaled.jpg.webp&quot;}],&quot;background_slideshow_ken_burns&quot;:&quot;yes&quot;,&quot;background_slideshow_lazyload&quot;:&quot;yes&quot;,&quot;background_slideshow_ken_burns_zoom_direction&quot;:&quot;out&quot;,&quot;background_slideshow_loop&quot;:&quot;yes&quot;,&quot;background_slideshow_slide_duration&quot;:5000,&quot;background_slideshow_slide_transition&quot;:&quot;fade&quot;,&quot;background_slideshow_transition_duration&quot;:500}\">\n\t\t\t\t<div class=\"elementor-element elementor-element-7dd1560e elementor-widget elementor-widget-heading\" data-id=\"7dd1560e\" data-element_type=\"widget\" data-e-type=\"widget\" data-widget_type=\"heading.default\">\n\t\t\t\t<div class=\"elementor-widget-container\">\n\t\t\t\t\t<h1 class=\"elementor-heading-title elementor-size-default\">GrindExpert.nl<\/h1>\t\t\t\t<\/div>\n\t\t\t\t<\/div>\n\t\t\t\t<\/div>\n\t\t<div class=\"elementor-element elementor-element-64c2086 e-con-full e-flex e-con e-parent\" data-id=\"64c2086\" data-element_type=\"container\" data-e-type=\"container\">\n\t\t\t\t<div class=\"elementor-element elementor-element-73eafdf elementor-widget elementor-widget-template\" data-id=\"73eafdf\" data-element_type=\"widget\" data-e-type=\"widget\" data-widget_type=\"template.default\">\n\t\t\t\t<div class=\"elementor-widget-container\">\n\t\t\t\t\t\t\t<div class=\"elementor-template\">\n\t\t\t\t\t<div data-elementor-type=\"container\" data-elementor-id=\"1372\" class=\"elementor elementor-1372\" data-elementor-post-type=\"elementor_library\">\n\t\t\t\t<div class=\"elementor-element elementor-element-63937cda elementor-hidden-tablet elementor-hidden-mobile e-flex e-con-boxed e-con e-parent\" data-id=\"63937cda\" data-element_type=\"container\" data-e-type=\"container\" data-settings=\"{&quot;background_background&quot;:&quot;classic&quot;}\">\n\t\t\t\t\t<div class=\"e-con-inner\">\n\t\t\t\t<div class=\"elementor-element elementor-element-4f3cc358 elementor-widget elementor-widget-text-editor\" data-id=\"4f3cc358\" data-element_type=\"widget\" data-e-type=\"widget\" data-widget_type=\"text-editor.default\">\n\t\t\t\t<div class=\"elementor-widget-container\">\n\t\t\t\t\t\t\t\t\t<p><strong>Kies direct uit onze vloeren:<\/strong><\/p>\t\t\t\t\t\t\t\t<\/div>\n\t\t\t\t<\/div>\n\t\t\t\t<div class=\"elementor-element elementor-element-3232d7e elementor-nav-menu--dropdown-tablet elementor-nav-menu__text-align-aside elementor-nav-menu--toggle elementor-nav-menu--burger elementor-widget elementor-widget-nav-menu\" data-id=\"3232d7e\" data-element_type=\"widget\" data-e-type=\"widget\" data-settings=\"{&quot;layout&quot;:&quot;horizontal&quot;,&quot;submenu_icon&quot;:{&quot;value&quot;:&quot;&lt;i class=\\&quot;fas fa-caret-down\\&quot; aria-hidden=\\&quot;true\\&quot;&gt;&lt;\\\/i&gt;&quot;,&quot;library&quot;:&quot;fa-solid&quot;},&quot;toggle&quot;:&quot;burger&quot;}\" data-widget_type=\"nav-menu.default\">\n\t\t\t\t<div class=\"elementor-widget-container\">\n\t\t\t\t\t\t\t\t<nav aria-label=\"Menu\" class=\"elementor-nav-menu--main elementor-nav-menu__container elementor-nav-menu--layout-horizontal e--pointer-background e--animation-fade\">\n\t\t\t\t<ul id=\"menu-1-3232d7e\" class=\"elementor-nav-menu\"><li class=\"menu-item menu-item-type-post_type menu-item-object-page menu-item-1363\"><a href=\"https:\/\/grindexpert.nl\/vloeren\/betoncire\/\" class=\"elementor-item\">Betoncir\u00e9<\/a><\/li>\n<li class=\"menu-item menu-item-type-post_type menu-item-object-page menu-item-1364\"><a href=\"https:\/\/grindexpert.nl\/vloeren\/gietvloeren\/\" class=\"elementor-item\">Gussb\u00f6den<\/a><\/li>\n<li class=\"menu-item menu-item-type-post_type menu-item-object-page menu-item-1365\"><a href=\"https:\/\/grindexpert.nl\/vloeren\/industrievloeren\/\" class=\"elementor-item\">Industrieb\u00f6den<\/a><\/li>\n<li class=\"menu-item menu-item-type-post_type menu-item-object-page menu-item-1366\"><a href=\"https:\/\/grindexpert.nl\/vloeren\/marmerstone\/\" class=\"elementor-item\">Marmorstein<\/a><\/li>\n<li class=\"menu-item menu-item-type-post_type menu-item-object-page menu-item-1367\"><a href=\"https:\/\/grindexpert.nl\/vloeren\/siergrind-vloer\/\" class=\"elementor-item\">Quarzb\u00f6den<\/a><\/li>\n<li class=\"menu-item menu-item-type-post_type menu-item-object-page menu-item-1368\"><a href=\"https:\/\/grindexpert.nl\/vloeren\/terras-grindvloeren\/\" class=\"elementor-item\">Terrassenkiesb\u00f6den<\/a><\/li>\n<\/ul>\t\t\t<\/nav>\n\t\t\t\t\t<div class=\"elementor-menu-toggle\" role=\"button\" tabindex=\"0\" aria-label=\"Men\u00fc Umschalter\" aria-expanded=\"false\">\n\t\t\t<i aria-hidden=\"true\" role=\"presentation\" class=\"elementor-menu-toggle__icon--open eicon-menu-bar\"><\/i><i aria-hidden=\"true\" role=\"presentation\" class=\"elementor-menu-toggle__icon--close eicon-close\"><\/i>\t\t<\/div>\n\t\t\t\t\t<nav class=\"elementor-nav-menu--dropdown elementor-nav-menu__container\" aria-hidden=\"true\">\n\t\t\t\t<ul id=\"menu-2-3232d7e\" class=\"elementor-nav-menu\"><li class=\"menu-item menu-item-type-post_type menu-item-object-page menu-item-1363\"><a href=\"https:\/\/grindexpert.nl\/vloeren\/betoncire\/\" class=\"elementor-item\" tabindex=\"-1\">Betoncir\u00e9<\/a><\/li>\n<li class=\"menu-item menu-item-type-post_type menu-item-object-page menu-item-1364\"><a href=\"https:\/\/grindexpert.nl\/vloeren\/gietvloeren\/\" class=\"elementor-item\" tabindex=\"-1\">Gussb\u00f6den<\/a><\/li>\n<li class=\"menu-item menu-item-type-post_type menu-item-object-page menu-item-1365\"><a href=\"https:\/\/grindexpert.nl\/vloeren\/industrievloeren\/\" class=\"elementor-item\" tabindex=\"-1\">Industrieb\u00f6den<\/a><\/li>\n<li class=\"menu-item menu-item-type-post_type menu-item-object-page menu-item-1366\"><a href=\"https:\/\/grindexpert.nl\/vloeren\/marmerstone\/\" class=\"elementor-item\" tabindex=\"-1\">Marmorstein<\/a><\/li>\n<li class=\"menu-item menu-item-type-post_type menu-item-object-page menu-item-1367\"><a href=\"https:\/\/grindexpert.nl\/vloeren\/siergrind-vloer\/\" class=\"elementor-item\" tabindex=\"-1\">Quarzb\u00f6den<\/a><\/li>\n<li class=\"menu-item menu-item-type-post_type menu-item-object-page menu-item-1368\"><a href=\"https:\/\/grindexpert.nl\/vloeren\/terras-grindvloeren\/\" class=\"elementor-item\" tabindex=\"-1\">Terrassenkiesb\u00f6den<\/a><\/li>\n<\/ul>\t\t\t<\/nav>\n\t\t\t\t\t\t<\/div>\n\t\t\t\t<\/div>\n\t\t\t\t\t<\/div>\n\t\t\t\t<\/div>\n\t\t\t\t<\/div>\n\t\t\t\t<\/div>\n\t\t\t\t\t\t<\/div>\n\t\t\t\t<\/div>\n\t\t\t\t<\/div>\n\t\t<div class=\"elementor-element elementor-element-193a8a36 e-flex e-con-boxed e-con e-parent\" data-id=\"193a8a36\" data-element_type=\"container\" data-e-type=\"container\">\n\t\t\t\t\t<div class=\"e-con-inner\">\n\t\t<div class=\"elementor-element elementor-element-29de7504 e-con-full e-flex e-con e-child\" data-id=\"29de7504\" data-element_type=\"container\" data-e-type=\"container\">\n\t\t\t\t<div class=\"elementor-element elementor-element-2e8b1bff elementor-widget elementor-widget-heading\" data-id=\"2e8b1bff\" data-element_type=\"widget\" data-e-type=\"widget\" data-widget_type=\"heading.default\">\n\t\t\t\t<div class=\"elementor-widget-container\">\n\t\t\t\t\t<h2 class=\"elementor-heading-title elementor-size-default\">Kontakt aufnehmen<\/h2>\t\t\t\t<\/div>\n\t\t\t\t<\/div>\n\t\t\t\t<div class=\"elementor-element elementor-element-19236a54 elementor-widget elementor-widget-text-editor\" data-id=\"19236a54\" data-element_type=\"widget\" data-e-type=\"widget\" data-widget_type=\"text-editor.default\">\n\t\t\t\t<div class=\"elementor-widget-container\">\n\t\t\t\t\t\t\t\t\tLassen Sie uns \u00fcber Ihren Fu\u00dfboden sprechen! Wir werden Sie gerne beraten. <br><br> Sie k\u00f6nnen sofort einen Kostenvoranschlag anfordern, indem Sie das unten stehende Kontaktformular verwenden oder eine E-Mail an die unten stehende E-Mail-Adresse senden.\t\t\t\t\t\t\t\t<\/div>\n\t\t\t\t<\/div>\n\t\t\t\t<div class=\"elementor-element elementor-element-71a31721 elementor-icon-list--layout-inline elementor-list-item-link-full_width elementor-widget elementor-widget-icon-list\" data-id=\"71a31721\" data-element_type=\"widget\" data-e-type=\"widget\" data-widget_type=\"icon-list.default\">\n\t\t\t\t<div class=\"elementor-widget-container\">\n\t\t\t\t\t\t\t<ul class=\"elementor-icon-list-items elementor-inline-items\">\n\t\t\t\t\t\t\t<li class=\"elementor-icon-list-item elementor-inline-item\">\n\t\t\t\t\t\t\t\t\t\t\t<a href=\"tel:+31%206%205222%202223\">\n\n\t\t\t\t\t\t\t\t\t\t\t\t<span class=\"elementor-icon-list-icon\">\n\t\t\t\t\t\t\t<i aria-hidden=\"true\" class=\"fas fa-phone-alt\"><\/i>\t\t\t\t\t\t<\/span>\n\t\t\t\t\t\t\t\t\t\t<span class=\"elementor-icon-list-text\">+31 6 5222 2223<\/span>\n\t\t\t\t\t\t\t\t\t\t\t<\/a>\n\t\t\t\t\t\t\t\t\t<\/li>\n\t\t\t\t\t\t\t\t<li class=\"elementor-icon-list-item elementor-inline-item\">\n\t\t\t\t\t\t\t\t\t\t\t<a href=\"mailto:info@grindexpert.nl\">\n\n\t\t\t\t\t\t\t\t\t\t\t\t<span class=\"elementor-icon-list-icon\">\n\t\t\t\t\t\t\t<i aria-hidden=\"true\" class=\"fas fa-mail-bulk\"><\/i>\t\t\t\t\t\t<\/span>\n\t\t\t\t\t\t\t\t\t\t<span class=\"elementor-icon-list-text\">info@grindexpert.nl<\/span>\n\t\t\t\t\t\t\t\t\t\t\t<\/a>\n\t\t\t\t\t\t\t\t\t<\/li>\n\t\t\t\t\t\t<\/ul>\n\t\t\t\t\t\t<\/div>\n\t\t\t\t<\/div>\n\t\t\t\t<div class=\"elementor-element elementor-element-ce5a8ed elementor-button-align-start elementor-widget elementor-widget-form\" data-id=\"ce5a8ed\" data-element_type=\"widget\" data-e-type=\"widget\" data-settings=\"{&quot;step_next_label&quot;:&quot;Weiter&quot;,&quot;step_previous_label&quot;:&quot;Vorherige&quot;,&quot;button_width&quot;:&quot;100&quot;,&quot;step_type&quot;:&quot;number_text&quot;,&quot;step_icon_shape&quot;:&quot;circle&quot;}\" data-widget_type=\"form.default\">\n\t\t\t\t<div class=\"elementor-widget-container\">\n\t\t\t\t\t\t\t<form class=\"elementor-form\" method=\"post\" name=\"Kontakt-Formular\" aria-label=\"Kontakt-Formular\">\n\t\t\t<input type=\"hidden\" name=\"post_id\" value=\"698\"\/>\n\t\t\t<input type=\"hidden\" name=\"form_id\" value=\"ce5a8ed\"\/>\n\t\t\t<input type=\"hidden\" name=\"referer_title\" value=\"Kontakt | Grind Expert\" \/>\n\n\t\t\t\t\t\t\t<input type=\"hidden\" name=\"queried_id\" value=\"698\"\/>\n\t\t\t\n\t\t\t<div class=\"elementor-form-fields-wrapper elementor-labels-above\">\n\t\t\t\t\t\t\t\t<div class=\"elementor-field-type-text elementor-field-group elementor-column elementor-field-group-name elementor-col-100\">\n\t\t\t\t\t\t\t\t\t\t\t\t<label for=\"form-field-name\" class=\"elementor-field-label\">\n\t\t\t\t\t\t\t\tName\t\t\t\t\t\t\t<\/label>\n\t\t\t\t\t\t\t\t\t\t\t\t\t\t<input size=\"1\" type=\"text\" name=\"form_fields[name]\" id=\"form-field-name\" class=\"elementor-field elementor-size-sm  elementor-field-textual\" placeholder=\"Z.B. Freek Janssen\">\n\t\t\t\t\t\t\t\t\t\t\t<\/div>\n\t\t\t\t\t\t\t\t<div class=\"elementor-field-type-email elementor-field-group elementor-column elementor-field-group-email elementor-col-100 elementor-field-required\">\n\t\t\t\t\t\t\t\t\t\t\t\t<label for=\"form-field-email\" class=\"elementor-field-label\">\n\t\t\t\t\t\t\t\tEmail\t\t\t\t\t\t\t<\/label>\n\t\t\t\t\t\t\t\t\t\t\t\t\t\t<input size=\"1\" type=\"email\" name=\"form_fields[email]\" id=\"form-field-email\" class=\"elementor-field elementor-size-sm  elementor-field-textual\" placeholder=\"Z.B. freek.janssen@email.nl\" required=\"required\">\n\t\t\t\t\t\t\t\t\t\t\t<\/div>\n\t\t\t\t\t\t\t\t<div class=\"elementor-field-type-textarea elementor-field-group elementor-column elementor-field-group-message elementor-col-100\">\n\t\t\t\t\t\t\t\t\t\t\t\t<label for=\"form-field-message\" class=\"elementor-field-label\">\n\t\t\t\t\t\t\t\tBeschreibung Frage\t\t\t\t\t\t\t<\/label>\n\t\t\t\t\t\t<textarea class=\"elementor-field-textual elementor-field  elementor-size-sm\" name=\"form_fields[message]\" id=\"form-field-message\" rows=\"4\" placeholder=\"Z.B. Ich m\u00f6chte mehr wissen \u00fcber...\"><\/textarea>\t\t\t\t<\/div>\n\t\t\t\t\t\t\t\t<div class=\"elementor-field-type-recaptcha_v3 elementor-field-group elementor-column elementor-field-group-field_181d56a elementor-col-100 recaptcha_v3-bottomright\">\n\t\t\t\t\t<div class=\"elementor-field\" id=\"form-field-field_181d56a\"><div class=\"elementor-g-recaptcha\" data-sitekey=\"6LcKmBEpAAAAAERIPFYOHanB0-1K6YiLPbX91fgR\" data-type=\"v3\" data-action=\"Form\" data-badge=\"bottomright\" data-size=\"invisible\"><\/div><\/div>\t\t\t\t<\/div>\n\t\t\t\t\t\t\t\t<div class=\"elementor-field-group elementor-column elementor-field-type-submit elementor-col-100 e-form__buttons\">\n\t\t\t\t\t<button class=\"elementor-button elementor-size-md\" type=\"submit\">\n\t\t\t\t\t\t<span class=\"elementor-button-content-wrapper\">\n\t\t\t\t\t\t\t\t\t\t\t\t\t\t\t\t\t\t\t\t\t\t<span class=\"elementor-button-text\">Versand<\/span>\n\t\t\t\t\t\t\t\t\t\t\t\t\t<\/span>\n\t\t\t\t\t<\/button>\n\t\t\t\t<\/div>\n\t\t\t<\/div>\n\t\t<\/form>\n\t\t\t\t\t\t<\/div>\n\t\t\t\t<\/div>\n\t\t\t\t<\/div>\n\t\t<div class=\"elementor-element elementor-element-6da2704e e-con-full e-flex e-con e-child\" data-id=\"6da2704e\" data-element_type=\"container\" data-e-type=\"container\">\n\t\t\t\t<div class=\"elementor-element elementor-element-7ab26a2 elementor-widget elementor-widget-google_maps\" data-id=\"7ab26a2\" data-element_type=\"widget\" data-e-type=\"widget\" data-widget_type=\"google_maps.default\">\n\t\t\t\t<div class=\"elementor-widget-container\">\n\t\t\t\t\t\t\t<div class=\"elementor-custom-embed\">\n\t\t\t<iframe loading=\"lazy\"\n\t\t\t\t\tsrc=\"https:\/\/maps.google.com\/maps?q=Rumpenerstraat%2010%206443cd%20Brunssum&#038;t=m&#038;z=16&#038;output=embed&#038;iwloc=near\"\n\t\t\t\t\ttitle=\"Rumpenerstraat 10 6443cd Brunssum\"\n\t\t\t\t\taria-label=\"Rumpenerstraat 10 6443cd Brunssum\"\n\t\t\t><\/iframe>\n\t\t<\/div>\n\t\t\t\t\t\t<\/div>\n\t\t\t\t<\/div>\n\t\t\t\t<\/div>\n\t\t\t\t\t<\/div>\n\t\t\t\t<\/div>\n\t\t<div class=\"elementor-element elementor-element-24326234 e-flex e-con-boxed e-con e-parent\" data-id=\"24326234\" data-element_type=\"container\" data-e-type=\"container\" id=\"FAQ\" data-settings=\"{&quot;background_background&quot;:&quot;classic&quot;}\">\n\t\t\t\t\t<div class=\"e-con-inner\">\n\t\t\t\t<div class=\"elementor-element elementor-element-417c9ee2 elementor-widget__width-inherit elementor-headline--style-highlight elementor-widget elementor-widget-animated-headline\" data-id=\"417c9ee2\" data-element_type=\"widget\" data-e-type=\"widget\" data-settings=\"{&quot;marker&quot;:&quot;underline&quot;,&quot;highlighted_text&quot;:&quot;Fragen und Antworten&quot;,&quot;headline_style&quot;:&quot;highlight&quot;,&quot;loop&quot;:&quot;yes&quot;,&quot;highlight_animation_duration&quot;:1200,&quot;highlight_iteration_delay&quot;:8000}\" data-widget_type=\"animated-headline.default\">\n\t\t\t\t<div class=\"elementor-widget-container\">\n\t\t\t\t\t\t\t<h2 class=\"elementor-headline\">\n\t\t\t\t\t<span class=\"elementor-headline-plain-text elementor-headline-text-wrapper\">Praktische<\/span>\n\t\t\t\t<span class=\"elementor-headline-dynamic-wrapper elementor-headline-text-wrapper\">\n\t\t\t\t\t<span class=\"elementor-headline-dynamic-text elementor-headline-text-active\">Fragen und Antworten<\/span>\n\t\t\t\t<\/span>\n\t\t\t\t<\/h2>\n\t\t\t\t\t\t<\/div>\n\t\t\t\t<\/div>\n\t\t\t\t<div class=\"elementor-element elementor-element-6d2320da elementor-widget__width-initial elementor-widget-mobile__width-inherit elementor-widget elementor-widget-toggle\" data-id=\"6d2320da\" data-element_type=\"widget\" data-e-type=\"widget\" data-widget_type=\"toggle.default\">\n\t\t\t\t<div class=\"elementor-widget-container\">\n\t\t\t\t\t\t\t<div class=\"elementor-toggle\">\n\t\t\t\t\t\t\t<div class=\"elementor-toggle-item\">\n\t\t\t\t\t<div id=\"elementor-tab-title-1831\" class=\"elementor-tab-title\" data-tab=\"1\" role=\"button\" aria-controls=\"elementor-tab-content-1831\" aria-expanded=\"false\">\n\t\t\t\t\t\t\t\t\t\t\t\t<span class=\"elementor-toggle-icon elementor-toggle-icon-right\" aria-hidden=\"true\">\n\t\t\t\t\t\t\t\t\t\t\t\t\t\t\t<span class=\"elementor-toggle-icon-closed\"><i class=\"fas fa-plus\"><\/i><\/span>\n\t\t\t\t\t\t\t\t<span class=\"elementor-toggle-icon-opened\"><i class=\"elementor-toggle-icon-opened fas fa-minus\"><\/i><\/span>\n\t\t\t\t\t\t\t\t\t\t\t\t\t<\/span>\n\t\t\t\t\t\t\t\t\t\t\t\t<a class=\"elementor-toggle-title\" tabindex=\"0\">Wie pflegt man einen Kiesboden am besten?<\/a>\n\t\t\t\t\t<\/div>\n\n\t\t\t\t\t<div id=\"elementor-tab-content-1831\" class=\"elementor-tab-content elementor-clearfix\" data-tab=\"1\" role=\"region\" aria-labelledby=\"elementor-tab-title-1831\"><p>Regelm\u00e4\u00dfiges Staubsaugen gen\u00fcgt, und gelegentliches Nasswischen oder sogar Schrubben sorgt daf\u00fcr, dass der Raum, in dem der Boden verlegt ist, hygienischer ist als jeder Teppich.<\/p>\n<\/div>\n\t\t\t\t<\/div>\n\t\t\t\t\t\t\t<div class=\"elementor-toggle-item\">\n\t\t\t\t\t<div id=\"elementor-tab-title-1832\" class=\"elementor-tab-title\" data-tab=\"2\" role=\"button\" aria-controls=\"elementor-tab-content-1832\" aria-expanded=\"false\">\n\t\t\t\t\t\t\t\t\t\t\t\t<span class=\"elementor-toggle-icon elementor-toggle-icon-right\" aria-hidden=\"true\">\n\t\t\t\t\t\t\t\t\t\t\t\t\t\t\t<span class=\"elementor-toggle-icon-closed\"><i class=\"fas fa-plus\"><\/i><\/span>\n\t\t\t\t\t\t\t\t<span class=\"elementor-toggle-icon-opened\"><i class=\"elementor-toggle-icon-opened fas fa-minus\"><\/i><\/span>\n\t\t\t\t\t\t\t\t\t\t\t\t\t<\/span>\n\t\t\t\t\t\t\t\t\t\t\t\t<a class=\"elementor-toggle-title\" tabindex=\"0\">Ist ein Schotterboden f\u00fcr den Au\u00dfenbereich geeignet? <\/a>\n\t\t\t\t\t<\/div>\n\n\t\t\t\t\t<div id=\"elementor-tab-content-1832\" class=\"elementor-tab-content elementor-clearfix\" data-tab=\"2\" role=\"region\" aria-labelledby=\"elementor-tab-title-1832\"><p>Ein Kiesboden ist sowohl f\u00fcr den Innen- als auch f\u00fcr den Au\u00dfenbereich geeignet und kann \u00fcber einen bestehenden Boden verlegt werden. Es ist jedoch wichtig, dass der Untergrund bestimmte Anforderungen erf\u00fcllt. Denn bevor ein Kiesboden verlegt wird, sollte der Untergrund zumindest formstabil und stabil sein.<\/p>\n<\/div>\n\t\t\t\t<\/div>\n\t\t\t\t\t\t\t\t<\/div>\n\t\t\t\t\t\t<\/div>\n\t\t\t\t<\/div>\n\t\t\t\t<div class=\"elementor-element elementor-element-567bd45e elementor-widget__width-initial elementor-widget-mobile__width-inherit elementor-widget elementor-widget-toggle\" data-id=\"567bd45e\" data-element_type=\"widget\" data-e-type=\"widget\" data-widget_type=\"toggle.default\">\n\t\t\t\t<div class=\"elementor-widget-container\">\n\t\t\t\t\t\t\t<div class=\"elementor-toggle\">\n\t\t\t\t\t\t\t<div class=\"elementor-toggle-item\">\n\t\t\t\t\t<div id=\"elementor-tab-title-1451\" class=\"elementor-tab-title\" data-tab=\"1\" role=\"button\" aria-controls=\"elementor-tab-content-1451\" aria-expanded=\"false\">\n\t\t\t\t\t\t\t\t\t\t\t\t<span class=\"elementor-toggle-icon elementor-toggle-icon-right\" aria-hidden=\"true\">\n\t\t\t\t\t\t\t\t\t\t\t\t\t\t\t<span class=\"elementor-toggle-icon-closed\"><i class=\"fas fa-plus\"><\/i><\/span>\n\t\t\t\t\t\t\t\t<span class=\"elementor-toggle-icon-opened\"><i class=\"elementor-toggle-icon-opened fas fa-minus\"><\/i><\/span>\n\t\t\t\t\t\t\t\t\t\t\t\t\t<\/span>\n\t\t\t\t\t\t\t\t\t\t\t\t<a class=\"elementor-toggle-title\" tabindex=\"0\">Wie lange sollte ein Kiesboden trocknen, bevor er begangen wird?<\/a>\n\t\t\t\t\t<\/div>\n\n\t\t\t\t\t<div id=\"elementor-tab-content-1451\" class=\"elementor-tab-content elementor-clearfix\" data-tab=\"1\" role=\"region\" aria-labelledby=\"elementor-tab-title-1451\"><p>Nach der Verlegung sollte der Kiesboden etwa <strong>2 bis 3 Tage<\/strong> lang trocknen. W\u00e4hrend dieser Zeit d\u00fcrfen Sie nicht auf dem Boden gehen.<\/p>\n<\/div>\n\t\t\t\t<\/div>\n\t\t\t\t\t\t\t<div class=\"elementor-toggle-item\">\n\t\t\t\t\t<div id=\"elementor-tab-title-1452\" class=\"elementor-tab-title\" data-tab=\"2\" role=\"button\" aria-controls=\"elementor-tab-content-1452\" aria-expanded=\"false\">\n\t\t\t\t\t\t\t\t\t\t\t\t<span class=\"elementor-toggle-icon elementor-toggle-icon-right\" aria-hidden=\"true\">\n\t\t\t\t\t\t\t\t\t\t\t\t\t\t\t<span class=\"elementor-toggle-icon-closed\"><i class=\"fas fa-plus\"><\/i><\/span>\n\t\t\t\t\t\t\t\t<span class=\"elementor-toggle-icon-opened\"><i class=\"elementor-toggle-icon-opened fas fa-minus\"><\/i><\/span>\n\t\t\t\t\t\t\t\t\t\t\t\t\t<\/span>\n\t\t\t\t\t\t\t\t\t\t\t\t<a class=\"elementor-toggle-title\" tabindex=\"0\">Wie lange ist die Lieferzeit f\u00fcr einen Kiesboden?<\/a>\n\t\t\t\t\t<\/div>\n\n\t\t\t\t\t<div id=\"elementor-tab-content-1452\" class=\"elementor-tab-content elementor-clearfix\" data-tab=\"2\" role=\"region\" aria-labelledby=\"elementor-tab-title-1452\"><p>Die Lieferzeit f\u00fcr einen unserer B\u00f6den h\u00e4ngt von der f\u00fcr jedes Projekt erforderlichen Vorbereitung ab. Auch die Quadratmeterzahl ist wichtig.<\/p>\n<\/div>\n\t\t\t\t<\/div>\n\t\t\t\t\t\t\t\t<\/div>\n\t\t\t\t\t\t<\/div>\n\t\t\t\t<\/div>\n\t\t\t\t\t<\/div>\n\t\t\t\t<\/div>\n\t\t\t\t<\/div>\n\t\t","protected":false},"excerpt":{"rendered":"<p>GrindExpert.nl Kontakt aufnehmen Lassen Sie uns \u00fcber Ihren Fu\u00dfboden sprechen! Wir werden Sie gerne beraten. Sie k\u00f6nnen sofort einen Kostenvoranschlag anfordern, indem Sie das unten stehende Kontaktformular verwenden oder eine E-Mail an die unten stehende E-Mail-Adresse senden. +31 6 5222 2223 info@grindexpert.nl Praktische Fragen und Antworten Wie pflegt man einen Kiesboden am besten? Regelm\u00e4\u00dfiges Staubsaugen [&hellip;]<\/p>\n","protected":false},"author":1,"featured_media":0,"parent":0,"menu_order":0,"comment_status":"closed","ping_status":"closed","template":"","meta":{"footnotes":""},"class_list":["post-698","page","type-page","status-publish","hentry"],"_links":{"self":[{"href":"https:\/\/grindexpert.nl\/de\/wp-json\/wp\/v2\/pages\/698","targetHints":{"allow":["GET"]}}],"collection":[{"href":"https:\/\/grindexpert.nl\/de\/wp-json\/wp\/v2\/pages"}],"about":[{"href":"https:\/\/grindexpert.nl\/de\/wp-json\/wp\/v2\/types\/page"}],"author":[{"embeddable":true,"href":"https:\/\/grindexpert.nl\/de\/wp-json\/wp\/v2\/users\/1"}],"replies":[{"embeddable":true,"href":"https:\/\/grindexpert.nl\/de\/wp-json\/wp\/v2\/comments?post=698"}],"version-history":[{"count":0,"href":"https:\/\/grindexpert.nl\/de\/wp-json\/wp\/v2\/pages\/698\/revisions"}],"wp:attachment":[{"href":"https:\/\/grindexpert.nl\/de\/wp-json\/wp\/v2\/media?parent=698"}],"curies":[{"name":"wp","href":"https:\/\/api.w.org\/{rel}","templated":true}]}}