{"id":717,"date":"2023-10-04T14:07:18","date_gmt":"2023-10-04T12:07:18","guid":{"rendered":"https:\/\/grindexpert.nl\/gussboeden\/"},"modified":"2024-01-14T12:31:16","modified_gmt":"2024-01-14T12:31:16","slug":"gussboeden","status":"publish","type":"page","link":"https:\/\/grindexpert.nl\/de\/gussboeden\/","title":{"rendered":"Gussb\u00f6den"},"content":{"rendered":"\t\t<div data-elementor-type=\"wp-page\" data-elementor-id=\"717\" class=\"elementor elementor-717 elementor-208\" data-elementor-post-type=\"page\">\n\t\t\t\t<div class=\"elementor-element elementor-element-58a2589f e-con-full e-flex e-con e-parent\" data-id=\"58a2589f\" data-element_type=\"container\" data-e-type=\"container\" data-settings=\"{&quot;background_background&quot;:&quot;classic&quot;}\">\n\t\t\t\t<div class=\"elementor-element elementor-element-7148207e elementor-view-default elementor-widget elementor-widget-icon\" data-id=\"7148207e\" data-element_type=\"widget\" data-e-type=\"widget\" data-widget_type=\"icon.default\">\n\t\t\t\t<div class=\"elementor-widget-container\">\n\t\t\t\t\t\t\t<div class=\"elementor-icon-wrapper\">\n\t\t\t<div class=\"elementor-icon\">\n\t\t\t<i aria-hidden=\"true\" class=\"fas fa-quote-right\"><\/i>\t\t\t<\/div>\n\t\t<\/div>\n\t\t\t\t\t\t<\/div>\n\t\t\t\t<\/div>\n\t\t\t\t<div class=\"elementor-element elementor-element-430985ca elementor-headline--style-highlight elementor-widget elementor-widget-animated-headline\" data-id=\"430985ca\" data-element_type=\"widget\" data-e-type=\"widget\" data-settings=\"{&quot;marker&quot;:&quot;underline&quot;,&quot;highlighted_text&quot;:&quot;perfekte Harmonie.&quot;,&quot;headline_style&quot;:&quot;highlight&quot;,&quot;loop&quot;:&quot;yes&quot;,&quot;highlight_animation_duration&quot;:1200,&quot;highlight_iteration_delay&quot;:8000}\" data-widget_type=\"animated-headline.default\">\n\t\t\t\t<div class=\"elementor-widget-container\">\n\t\t\t\t\t\t\t<h2 class=\"elementor-headline\">\n\t\t\t\t\t<span class=\"elementor-headline-plain-text elementor-headline-text-wrapper\">Gussb\u00f6den bringen Form und <br>Funktion in<\/span>\n\t\t\t\t<span class=\"elementor-headline-dynamic-wrapper elementor-headline-text-wrapper\">\n\t\t\t\t\t<span class=\"elementor-headline-dynamic-text elementor-headline-text-active\">perfekte Harmonie.<\/span>\n\t\t\t\t<\/span>\n\t\t\t\t<\/h2>\n\t\t\t\t\t\t<\/div>\n\t\t\t\t<\/div>\n\t\t\t\t<\/div>\n\t\t<div class=\"elementor-element elementor-element-5b5b540 e-flex e-con-boxed e-con e-parent\" data-id=\"5b5b540\" data-element_type=\"container\" data-e-type=\"container\">\n\t\t\t\t\t<div class=\"e-con-inner\">\n\t\t<div class=\"elementor-element elementor-element-60ac2a95 e-con-full e-flex e-con e-child\" data-id=\"60ac2a95\" data-element_type=\"container\" data-e-type=\"container\">\n\t\t\t\t<div class=\"elementor-element elementor-element-4b99ccb0 elementor-widget elementor-widget-heading\" data-id=\"4b99ccb0\" data-element_type=\"widget\" data-e-type=\"widget\" data-widget_type=\"heading.default\">\n\t\t\t\t<div class=\"elementor-widget-container\">\n\t\t\t\t\t<h2 class=\"elementor-heading-title elementor-size-default\">Gussb\u00f6den<\/h2>\t\t\t\t<\/div>\n\t\t\t\t<\/div>\n\t\t\t\t<div class=\"elementor-element elementor-element-67f3c56e elementor-widget elementor-widget-text-editor\" data-id=\"67f3c56e\" data-element_type=\"widget\" data-e-type=\"widget\" data-widget_type=\"text-editor.default\">\n\t\t\t\t<div class=\"elementor-widget-container\">\n\t\t\t\t\t\t\t\t\t<div id=\"jw-element-210452815\" class=\"jw-tree-node jw-element jw-image-text jw-node-is-first-child\" data-jw-element-id=\"210452815\">\n<div class=\"jw-element-imagetext-text\">\n<p>Gussb\u00f6den sind die perfekte Kombination aus Stil und Funktionalit\u00e4t f\u00fcr moderne Innenr\u00e4ume. Ihr nahtloses, klares Aussehen passt m\u00fchelos in eine Vielzahl von R\u00e4umen, von Wohnungen bis hin zu schicken B\u00fcroumgebungen. Gussb\u00f6den bieten einen zeitlosen Look und passen sich wechselnden Einrichtungstrends an, so dass Ihr Raum immer zeitgem\u00e4\u00df bleibt.<\/p>\n<p>Diese B\u00f6den sind au\u00dfergew\u00f6hnlich langlebig und halten der t\u00e4glichen Beanspruchung stand. Sie bleiben jahrelang wie neu, selbst in stark frequentierten Bereichen. Gegossene B\u00f6den sind fl\u00fcssigkeitsdicht und leicht zu reinigen, was sie zu einem idealen Bodenbelag f\u00fcr Bereiche macht, in denen Hygiene an erster Stelle steht.<\/p>\n<p>Kompatibel mit Fu\u00dfbodenheizungen, bieten Gussb\u00f6den eine komfortable und energieeffiziente Heizl\u00f6sung.<\/p>\n<p>Ob zu Hause, im B\u00fcro oder in einem Gesch\u00e4ftsraum, GrindExpert ist bereit, hochwertige Gussb\u00f6den zu liefern, die Ihren Anforderungen an Stil, Haltbarkeit und Funktionalit\u00e4t entsprechen. Setzen Sie sich noch heute mit uns in Verbindung, um herauszufinden, wie wir Ihren Raum mit moderner Eleganz gestalten k\u00f6nnen.<\/p>\n<\/div>\n<\/div>\n\t\t\t\t\t\t\t\t<\/div>\n\t\t\t\t<\/div>\n\t\t\t\t<div class=\"elementor-element elementor-element-ae3a6ab elementor-arrows-position-outside elementor-hidden-desktop elementor-hidden-tablet elementor-hidden-mobile elementor-pagination-position-outside elementor-widget elementor-widget-image-carousel\" data-id=\"ae3a6ab\" data-element_type=\"widget\" data-e-type=\"widget\" data-settings=\"{&quot;slides_to_show&quot;:&quot;3&quot;,&quot;slides_to_scroll&quot;:&quot;1&quot;,&quot;image_spacing_custom&quot;:{&quot;unit&quot;:&quot;px&quot;,&quot;size&quot;:36,&quot;sizes&quot;:[]},&quot;navigation&quot;:&quot;both&quot;,&quot;autoplay&quot;:&quot;yes&quot;,&quot;pause_on_hover&quot;:&quot;yes&quot;,&quot;pause_on_interaction&quot;:&quot;yes&quot;,&quot;autoplay_speed&quot;:5000,&quot;infinite&quot;:&quot;yes&quot;,&quot;speed&quot;:500,&quot;image_spacing_custom_tablet&quot;:{&quot;unit&quot;:&quot;px&quot;,&quot;size&quot;:&quot;&quot;,&quot;sizes&quot;:[]},&quot;image_spacing_custom_mobile&quot;:{&quot;unit&quot;:&quot;px&quot;,&quot;size&quot;:&quot;&quot;,&quot;sizes&quot;:[]}}\" data-widget_type=\"image-carousel.default\">\n\t\t\t\t<div class=\"elementor-widget-container\">\n\t\t\t\t\t\t\t<div class=\"elementor-image-carousel-wrapper swiper\" role=\"region\" aria-roledescription=\"carousel\" aria-label=\"Bild Karussell\" dir=\"ltr\">\n\t\t\t<div class=\"elementor-image-carousel swiper-wrapper\" aria-live=\"off\">\n\t\t\t\t\t\t\t\t<div class=\"swiper-slide\" role=\"group\" aria-roledescription=\"slide\" aria-label=\"1 von 4\"><a data-elementor-open-lightbox=\"yes\" data-elementor-lightbox-slideshow=\"ae3a6ab\" data-e-action-hash=\"#elementor-action%3Aaction%3Dlightbox%26settings%3DeyJpZCI6NTg4LCJ1cmwiOiJodHRwczpcL1wvZ3JpbmRleHBlcnQubmxcL3dwLWNvbnRlbnRcL3VwbG9hZHNcLzIwMjRcLzAxXC9JTUdfMDY1NS1zY2FsZWQuanBlZyIsInNsaWRlc2hvdyI6ImFlM2E2YWIifQ%3D%3D\" href=\"https:\/\/grindexpert.nl\/wp-content\/smush-webp\/2024\/01\/IMG_0655-scaled.jpeg.webp\" data-smush-webp-fallback=\"{&quot;href&quot;:&quot;https:\\\/\\\/grindexpert.nl\\\/wp-content\\\/uploads\\\/2024\\\/01\\\/IMG_0655-scaled.jpeg&quot;}\"><figure class=\"swiper-slide-inner\"><img decoding=\"async\" class=\"swiper-slide-image\" src=\"https:\/\/grindexpert.nl\/wp-content\/uploads\/elementor\/thumbs\/IMG_0655-scaled-rbg565u2ssn8jgslqej4b2ciqtl07bzhw0w3zo1diw.jpeg\" alt=\"Marmerstone 1\" \/><\/figure><\/a><\/div><div class=\"swiper-slide\" role=\"group\" aria-roledescription=\"slide\" aria-label=\"2 von 4\"><a data-elementor-open-lightbox=\"yes\" data-elementor-lightbox-slideshow=\"ae3a6ab\" data-e-action-hash=\"#elementor-action%3Aaction%3Dlightbox%26settings%3DeyJpZCI6NTg5LCJ1cmwiOiJodHRwczpcL1wvZ3JpbmRleHBlcnQubmxcL3dwLWNvbnRlbnRcL3VwbG9hZHNcLzIwMjRcLzAxXC9JTUdfMDY1Ni1zY2FsZWQuanBlZyIsInNsaWRlc2hvdyI6ImFlM2E2YWIifQ%3D%3D\" href=\"https:\/\/grindexpert.nl\/wp-content\/smush-webp\/2024\/01\/IMG_0656-scaled.jpeg.webp\" data-smush-webp-fallback=\"{&quot;href&quot;:&quot;https:\\\/\\\/grindexpert.nl\\\/wp-content\\\/uploads\\\/2024\\\/01\\\/IMG_0656-scaled.jpeg&quot;}\"><figure class=\"swiper-slide-inner\"><img decoding=\"async\" class=\"swiper-slide-image\" src=\"https:\/\/grindexpert.nl\/wp-content\/uploads\/elementor\/thumbs\/IMG_0656-scaled-rbg56g6avz1e36dl2100khqla261k04jlg2g9pm1mg.jpeg\" alt=\"Marmerstone 2\" \/><\/figure><\/a><\/div><div class=\"swiper-slide\" role=\"group\" aria-roledescription=\"slide\" aria-label=\"3 von 4\"><a data-elementor-open-lightbox=\"yes\" data-elementor-lightbox-slideshow=\"ae3a6ab\" data-e-action-hash=\"#elementor-action%3Aaction%3Dlightbox%26settings%3DeyJpZCI6NTkwLCJ1cmwiOiJodHRwczpcL1wvZ3JpbmRleHBlcnQubmxcL3dwLWNvbnRlbnRcL3VwbG9hZHNcLzIwMjRcLzAxXC9JTUdfNTg0MS1zY2FsZWQuanBlZyIsInNsaWRlc2hvdyI6ImFlM2E2YWIifQ%3D%3D\" href=\"https:\/\/grindexpert.nl\/wp-content\/smush-webp\/2024\/01\/IMG_5841-scaled.jpeg.webp\" data-smush-webp-fallback=\"{&quot;href&quot;:&quot;https:\\\/\\\/grindexpert.nl\\\/wp-content\\\/uploads\\\/2024\\\/01\\\/IMG_5841-scaled.jpeg&quot;}\"><figure class=\"swiper-slide-inner\"><img decoding=\"async\" class=\"swiper-slide-image\" src=\"https:\/\/grindexpert.nl\/wp-content\/uploads\/elementor\/thumbs\/IMG_5841-scaled-rbg56se7cti4a3vu2oa5ywnl02htc2h1z4jrib3xdk.jpeg\" alt=\"Marmerstone 3\" \/><\/figure><\/a><\/div><div class=\"swiper-slide\" role=\"group\" aria-roledescription=\"slide\" aria-label=\"4 von 4\"><a data-elementor-open-lightbox=\"yes\" data-elementor-lightbox-slideshow=\"ae3a6ab\" data-e-action-hash=\"#elementor-action%3Aaction%3Dlightbox%26settings%3DeyJpZCI6NTkyLCJ1cmwiOiJodHRwczpcL1wvZ3JpbmRleHBlcnQubmxcL3dwLWNvbnRlbnRcL3VwbG9hZHNcLzIwMjRcLzAxXC9JTUdfNTg0Mi1zY2FsZWQuanBlZyIsInNsaWRlc2hvdyI6ImFlM2E2YWIifQ%3D%3D\" href=\"https:\/\/grindexpert.nl\/wp-content\/smush-webp\/2024\/01\/IMG_5842-scaled.jpeg.webp\" data-smush-webp-fallback=\"{&quot;href&quot;:&quot;https:\\\/\\\/grindexpert.nl\\\/wp-content\\\/uploads\\\/2024\\\/01\\\/IMG_5842-scaled.jpeg&quot;}\"><figure class=\"swiper-slide-inner\"><img decoding=\"async\" class=\"swiper-slide-image\" src=\"https:\/\/grindexpert.nl\/wp-content\/uploads\/elementor\/thumbs\/IMG_5842-scaled-rbg57ipoo6i5b6tlsznpwq0hmuw3bldjeqtcy20wjc.jpeg\" alt=\"Marmerstone 4\" \/><\/figure><\/a><\/div>\t\t\t<\/div>\n\t\t\t\t\t\t\t\t\t\t\t\t<div class=\"elementor-swiper-button elementor-swiper-button-prev\" role=\"button\" tabindex=\"0\">\n\t\t\t\t\t\t<i aria-hidden=\"true\" class=\"eicon-chevron-left\"><\/i>\t\t\t\t\t<\/div>\n\t\t\t\t\t<div class=\"elementor-swiper-button elementor-swiper-button-next\" role=\"button\" tabindex=\"0\">\n\t\t\t\t\t\t<i aria-hidden=\"true\" class=\"eicon-chevron-right\"><\/i>\t\t\t\t\t<\/div>\n\t\t\t\t\n\t\t\t\t\t\t\t\t\t<div class=\"swiper-pagination\"><\/div>\n\t\t\t\t\t\t\t\t\t<\/div>\n\t\t\t\t\t\t<\/div>\n\t\t\t\t<\/div>\n\t\t\t\t<div class=\"elementor-element elementor-element-a67de01 elementor-widget elementor-widget-heading\" data-id=\"a67de01\" data-element_type=\"widget\" data-e-type=\"widget\" data-widget_type=\"heading.default\">\n\t\t\t\t<div class=\"elementor-widget-container\">\n\t\t\t\t\t<h5 class=\"elementor-heading-title elementor-size-default\">Wartung<\/h5>\t\t\t\t<\/div>\n\t\t\t\t<\/div>\n\t\t\t\t<div class=\"elementor-element elementor-element-9e93c1b elementor-widget elementor-widget-text-editor\" data-id=\"9e93c1b\" data-element_type=\"widget\" data-e-type=\"widget\" data-widget_type=\"text-editor.default\">\n\t\t\t\t<div class=\"elementor-widget-container\">\n\t\t\t\t\t\t\t\t\t<div id=\"jw-element-210452815\" class=\"jw-tree-node jw-element jw-image-text jw-node-is-first-child\" data-jw-element-id=\"210452815\">\n<div class=\"jw-element-imagetext-text\">\n<p>Gussb\u00f6den sind mit einem weichen Besen oder Staubsauger leicht zu reinigen. Bei Flecken gen\u00fcgt ein mildes Reinigungsmittel.<\/p>\n<\/div>\n<\/div>\n\t\t\t\t\t\t\t\t<\/div>\n\t\t\t\t<\/div>\n\t\t\t\t<div class=\"elementor-element elementor-element-cb5e3a7 elementor-widget elementor-widget-heading\" data-id=\"cb5e3a7\" data-element_type=\"widget\" data-e-type=\"widget\" data-widget_type=\"heading.default\">\n\t\t\t\t<div class=\"elementor-widget-container\">\n\t\t\t\t\t<h5 class=\"elementor-heading-title elementor-size-default\">Schnelle<\/h5>\t\t\t\t<\/div>\n\t\t\t\t<\/div>\n\t\t\t\t<div class=\"elementor-element elementor-element-3833195 elementor-widget elementor-widget-text-editor\" data-id=\"3833195\" data-element_type=\"widget\" data-e-type=\"widget\" data-widget_type=\"text-editor.default\">\n\t\t\t\t<div class=\"elementor-widget-container\">\n\t\t\t\t\t\t\t\t\t<div id=\"jw-element-210452815\" class=\"jw-tree-node jw-element jw-image-text jw-node-is-first-child\" data-jw-element-id=\"210452815\">\n<div class=\"jw-element-imagetext-text\">\n<p>Gussb\u00f6den werden auf den vorhandenen Boden gegossen und anschlie\u00dfend nivelliert. Sie sind nahtlos und bieten ein schlankes Erscheinungsbild.<\/p>\n<\/div>\n<\/div>\n\t\t\t\t\t\t\t\t<\/div>\n\t\t\t\t<\/div>\n\t\t\t\t<\/div>\n\t\t<div class=\"elementor-element elementor-element-16c8c7c1 e-con-full e-flex e-con e-child\" data-id=\"16c8c7c1\" data-element_type=\"container\" data-e-type=\"container\" data-settings=\"{&quot;background_background&quot;:&quot;classic&quot;}\">\n\t\t<div class=\"elementor-element elementor-element-17e551f1 e-con-full e-flex e-con e-child\" data-id=\"17e551f1\" data-element_type=\"container\" data-e-type=\"container\" data-settings=\"{&quot;background_background&quot;:&quot;classic&quot;,&quot;sticky&quot;:&quot;top&quot;,&quot;sticky_offset&quot;:100,&quot;sticky_parent&quot;:&quot;yes&quot;,&quot;sticky_on&quot;:[&quot;desktop&quot;,&quot;tablet&quot;,&quot;mobile&quot;],&quot;sticky_effects_offset&quot;:0,&quot;sticky_anchor_link_offset&quot;:0}\">\n\t\t\t\t<div class=\"elementor-element elementor-element-11f965e elementor-align-end elementor-mobile-align-center elementor-icon-list--layout-traditional elementor-list-item-link-full_width elementor-widget elementor-widget-icon-list\" data-id=\"11f965e\" data-element_type=\"widget\" data-e-type=\"widget\" data-widget_type=\"icon-list.default\">\n\t\t\t\t<div class=\"elementor-widget-container\">\n\t\t\t\t\t\t\t<ul class=\"elementor-icon-list-items\">\n\t\t\t\t\t\t\t<li class=\"elementor-icon-list-item\">\n\t\t\t\t\t\t\t\t\t\t\t<span class=\"elementor-icon-list-icon\">\n\t\t\t\t\t\t\t<i aria-hidden=\"true\" class=\"fas fa-check-double\"><\/i>\t\t\t\t\t\t<\/span>\n\t\t\t\t\t\t\t\t\t\t<span class=\"elementor-icon-list-text\">Vorteile<\/span>\n\t\t\t\t\t\t\t\t\t<\/li>\n\t\t\t\t\t\t<\/ul>\n\t\t\t\t\t\t<\/div>\n\t\t\t\t<\/div>\n\t\t\t\t<div class=\"elementor-element elementor-element-6fc561fb elementor-align-end elementor-mobile-align-center elementor-icon-list--layout-traditional elementor-list-item-link-full_width elementor-widget elementor-widget-icon-list\" data-id=\"6fc561fb\" data-element_type=\"widget\" data-e-type=\"widget\" data-widget_type=\"icon-list.default\">\n\t\t\t\t<div class=\"elementor-widget-container\">\n\t\t\t\t\t\t\t<ul class=\"elementor-icon-list-items\">\n\t\t\t\t\t\t\t<li class=\"elementor-icon-list-item\">\n\t\t\t\t\t\t\t\t\t\t<span class=\"elementor-icon-list-text\">Nahtlos und undurchl\u00e4ssig<\/span>\n\t\t\t\t\t\t\t\t\t<\/li>\n\t\t\t\t\t\t\t\t<li class=\"elementor-icon-list-item\">\n\t\t\t\t\t\t\t\t\t\t<span class=\"elementor-icon-list-text\">Widerstandsf\u00e4hig gegen Abrieb und Chemikalien<\/span>\n\t\t\t\t\t\t\t\t\t<\/li>\n\t\t\t\t\t\t\t\t<li class=\"elementor-icon-list-item\">\n\t\t\t\t\t\t\t\t\t\t<span class=\"elementor-icon-list-text\">Schalld\u00e4mmend und allergikerfreundlich<\/span>\n\t\t\t\t\t\t\t\t\t<\/li>\n\t\t\t\t\t\t\t\t<li class=\"elementor-icon-list-item\">\n\t\t\t\t\t\t\t\t\t\t<span class=\"elementor-icon-list-text\">Geeignet f\u00fcr Fu\u00dfbodenheizung<\/span>\n\t\t\t\t\t\t\t\t\t<\/li>\n\t\t\t\t\t\t<\/ul>\n\t\t\t\t\t\t<\/div>\n\t\t\t\t<\/div>\n\t\t\t\t<div class=\"elementor-element elementor-element-3dbe5506 elementor-align-end elementor-mobile-align-center elementor-icon-list--layout-traditional elementor-list-item-link-full_width elementor-widget elementor-widget-icon-list\" data-id=\"3dbe5506\" data-element_type=\"widget\" data-e-type=\"widget\" data-widget_type=\"icon-list.default\">\n\t\t\t\t<div class=\"elementor-widget-container\">\n\t\t\t\t\t\t\t<ul class=\"elementor-icon-list-items\">\n\t\t\t\t\t\t\t<li class=\"elementor-icon-list-item\">\n\t\t\t\t\t\t\t\t\t\t\t<span class=\"elementor-icon-list-icon\">\n\t\t\t\t\t\t\t<i aria-hidden=\"true\" class=\"fas fa-map-pin\"><\/i>\t\t\t\t\t\t<\/span>\n\t\t\t\t\t\t\t\t\t\t<span class=\"elementor-icon-list-text\">Standorte<\/span>\n\t\t\t\t\t\t\t\t\t<\/li>\n\t\t\t\t\t\t<\/ul>\n\t\t\t\t\t\t<\/div>\n\t\t\t\t<\/div>\n\t\t\t\t<div class=\"elementor-element elementor-element-2c36eb73 elementor-icon-list--layout-inline elementor-align-end elementor-mobile-align-center elementor-list-item-link-full_width elementor-widget elementor-widget-icon-list\" data-id=\"2c36eb73\" data-element_type=\"widget\" data-e-type=\"widget\" data-widget_type=\"icon-list.default\">\n\t\t\t\t<div class=\"elementor-widget-container\">\n\t\t\t\t\t\t\t<ul class=\"elementor-icon-list-items elementor-inline-items\">\n\t\t\t\t\t\t\t<li class=\"elementor-icon-list-item elementor-inline-item\">\n\t\t\t\t\t\t\t\t\t\t\t<span class=\"elementor-icon-list-icon\">\n\t\t\t\t\t\t\t<i aria-hidden=\"true\" class=\"fas fa-house-user\"><\/i>\t\t\t\t\t\t<\/span>\n\t\t\t\t\t\t\t\t\t\t<span class=\"elementor-icon-list-text\"><\/span>\n\t\t\t\t\t\t\t\t\t<\/li>\n\t\t\t\t\t\t\t\t<li class=\"elementor-icon-list-item elementor-inline-item\">\n\t\t\t\t\t\t\t\t\t\t\t<span class=\"elementor-icon-list-icon\">\n\t\t\t\t\t\t\t<i aria-hidden=\"true\" class=\"fas fa-school\"><\/i>\t\t\t\t\t\t<\/span>\n\t\t\t\t\t\t\t\t\t\t<span class=\"elementor-icon-list-text\"><\/span>\n\t\t\t\t\t\t\t\t\t<\/li>\n\t\t\t\t\t\t\t\t<li class=\"elementor-icon-list-item elementor-inline-item\">\n\t\t\t\t\t\t\t\t\t\t\t<span class=\"elementor-icon-list-icon\">\n\t\t\t\t\t\t\t<i aria-hidden=\"true\" class=\"fas fa-hospital\"><\/i>\t\t\t\t\t\t<\/span>\n\t\t\t\t\t\t\t\t\t\t<span class=\"elementor-icon-list-text\"><\/span>\n\t\t\t\t\t\t\t\t\t<\/li>\n\t\t\t\t\t\t\t\t<li class=\"elementor-icon-list-item elementor-inline-item\">\n\t\t\t\t\t\t\t\t\t\t\t<span class=\"elementor-icon-list-icon\">\n\t\t\t\t\t\t\t<i aria-hidden=\"true\" class=\"fas fa-building\"><\/i>\t\t\t\t\t\t<\/span>\n\t\t\t\t\t\t\t\t\t\t<span class=\"elementor-icon-list-text\"><\/span>\n\t\t\t\t\t\t\t\t\t<\/li>\n\t\t\t\t\t\t<\/ul>\n\t\t\t\t\t\t<\/div>\n\t\t\t\t<\/div>\n\t\t\t\t<\/div>\n\t\t\t\t<\/div>\n\t\t\t\t\t<\/div>\n\t\t\t\t<\/div>\n\t\t<div class=\"elementor-element elementor-element-bdeb9ca e-flex e-con-boxed e-con e-parent\" data-id=\"bdeb9ca\" data-element_type=\"container\" data-e-type=\"container\">\n\t\t\t\t\t<div class=\"e-con-inner\">\n\t\t<div class=\"elementor-element elementor-element-3ed02ba e-con-full e-flex e-con e-child\" data-id=\"3ed02ba\" data-element_type=\"container\" data-e-type=\"container\" data-settings=\"{&quot;background_background&quot;:&quot;classic&quot;}\">\n\t\t<div class=\"elementor-element elementor-element-7000cfe e-flex e-con-boxed e-con e-child\" data-id=\"7000cfe\" data-element_type=\"container\" data-e-type=\"container\">\n\t\t\t\t\t<div class=\"e-con-inner\">\n\t\t\t\t<div class=\"elementor-element elementor-element-d5bdcf3 elementor-widget elementor-widget-heading\" data-id=\"d5bdcf3\" data-element_type=\"widget\" data-e-type=\"widget\" data-widget_type=\"heading.default\">\n\t\t\t\t<div class=\"elementor-widget-container\">\n\t\t\t\t\t<h3 class=\"elementor-heading-title elementor-size-default\">Preisanfrage?<\/h3>\t\t\t\t<\/div>\n\t\t\t\t<\/div>\n\t\t\t\t<div class=\"elementor-element elementor-element-98c5d07 elementor-widget__width-inherit elementor-widget elementor-widget-text-editor\" data-id=\"98c5d07\" data-element_type=\"widget\" data-e-type=\"widget\" data-widget_type=\"text-editor.default\">\n\t\t\t\t<div class=\"elementor-widget-container\">\n\t\t\t\t\t\t\t\t\t<div id=\"jw-element-210452815\" class=\"jw-tree-node jw-element jw-image-text jw-node-is-first-child\" data-jw-element-id=\"210452815\">\n<div class=\"jw-element-imagetext-text\">\n<p>Setzen Sie sich direkt mit uns \u00fcber das Kontaktformular in Verbindung oder schauen Sie auf unserer Kontaktseite nach weiteren Kontaktm\u00f6glichkeiten.<\/p>\n<\/div>\n<\/div>\n\t\t\t\t\t\t\t\t<\/div>\n\t\t\t\t<\/div>\n\t\t\t\t\t<\/div>\n\t\t\t\t<\/div>\n\t\t<div class=\"elementor-element elementor-element-4408781 e-flex e-con-boxed e-con e-child\" data-id=\"4408781\" data-element_type=\"container\" data-e-type=\"container\">\n\t\t\t\t\t<div class=\"e-con-inner\">\n\t\t\t\t<div class=\"elementor-element elementor-element-6eb7cd6 elementor-button-align-end elementor-widget elementor-widget-form\" data-id=\"6eb7cd6\" data-element_type=\"widget\" data-e-type=\"widget\" data-settings=\"{&quot;step_next_label&quot;:&quot;Weiter&quot;,&quot;step_previous_label&quot;:&quot;Vorherige&quot;,&quot;button_width&quot;:&quot;100&quot;,&quot;step_type&quot;:&quot;number_text&quot;,&quot;step_icon_shape&quot;:&quot;circle&quot;}\" data-widget_type=\"form.default\">\n\t\t\t\t<div class=\"elementor-widget-container\">\n\t\t\t\t\t\t\t<form class=\"elementor-form\" method=\"post\" name=\"Gietvloeren formulier\" aria-label=\"Gietvloeren formulier\">\n\t\t\t<input type=\"hidden\" name=\"post_id\" value=\"717\"\/>\n\t\t\t<input type=\"hidden\" name=\"form_id\" value=\"6eb7cd6\"\/>\n\t\t\t<input type=\"hidden\" name=\"referer_title\" value=\"Gussb\u00f6den | Grind Expert\" \/>\n\n\t\t\t\t\t\t\t<input type=\"hidden\" name=\"queried_id\" value=\"717\"\/>\n\t\t\t\n\t\t\t<div class=\"elementor-form-fields-wrapper elementor-labels-\">\n\t\t\t\t\t\t\t\t<div class=\"elementor-field-type-text elementor-field-group elementor-column elementor-field-group-name elementor-col-50 elementor-field-required\">\n\t\t\t\t\t\t\t\t\t\t\t\t<label for=\"form-field-name\" class=\"elementor-field-label elementor-screen-only\">\n\t\t\t\t\t\t\t\tName\t\t\t\t\t\t\t<\/label>\n\t\t\t\t\t\t\t\t\t\t\t\t\t\t<input size=\"1\" type=\"text\" name=\"form_fields[name]\" id=\"form-field-name\" class=\"elementor-field elementor-size-sm  elementor-field-textual\" placeholder=\"Name\" required=\"required\">\n\t\t\t\t\t\t\t\t\t\t\t<\/div>\n\t\t\t\t\t\t\t\t<div class=\"elementor-field-type-tel elementor-field-group elementor-column elementor-field-group-field_c8c264d elementor-col-50 elementor-field-required\">\n\t\t\t\t\t\t\t\t\t\t\t\t<label for=\"form-field-field_c8c264d\" class=\"elementor-field-label elementor-screen-only\">\n\t\t\t\t\t\t\t\tTelefonnummer\t\t\t\t\t\t\t<\/label>\n\t\t\t\t\t\t\t\t<input size=\"1\" type=\"tel\" name=\"form_fields[field_c8c264d]\" id=\"form-field-field_c8c264d\" class=\"elementor-field elementor-size-sm  elementor-field-textual\" placeholder=\"Telefonnummer\" required=\"required\" pattern=\"[0-9()#&amp;+*-=.]+\" title=\"Nur Nummern oder Telefon-Zeichen (#, -, *, etc) werden akzeptiert.\">\n\n\t\t\t\t\t\t<\/div>\n\t\t\t\t\t\t\t\t<div class=\"elementor-field-type-email elementor-field-group elementor-column elementor-field-group-email elementor-col-100 elementor-field-required\">\n\t\t\t\t\t\t\t\t\t\t\t\t<label for=\"form-field-email\" class=\"elementor-field-label elementor-screen-only\">\n\t\t\t\t\t\t\t\tEmail\t\t\t\t\t\t\t<\/label>\n\t\t\t\t\t\t\t\t\t\t\t\t\t\t<input size=\"1\" type=\"email\" name=\"form_fields[email]\" id=\"form-field-email\" class=\"elementor-field elementor-size-sm  elementor-field-textual\" placeholder=\"Email\" required=\"required\">\n\t\t\t\t\t\t\t\t\t\t\t<\/div>\n\t\t\t\t\t\t\t\t<div class=\"elementor-field-group elementor-column elementor-field-type-submit elementor-col-100 e-form__buttons\">\n\t\t\t\t\t<button class=\"elementor-button elementor-size-md elementor-animation-shrink\" type=\"submit\">\n\t\t\t\t\t\t<span class=\"elementor-button-content-wrapper\">\n\t\t\t\t\t\t\t\t\t\t\t\t\t\t\t\t\t\t\t\t\t\t<span class=\"elementor-button-text\">Angebot anfordern<\/span>\n\t\t\t\t\t\t\t\t\t\t\t\t\t<\/span>\n\t\t\t\t\t<\/button>\n\t\t\t\t<\/div>\n\t\t\t<\/div>\n\t\t<\/form>\n\t\t\t\t\t\t<\/div>\n\t\t\t\t<\/div>\n\t\t\t\t\t<\/div>\n\t\t\t\t<\/div>\n\t\t\t\t<\/div>\n\t\t\t\t\t<\/div>\n\t\t\t\t<\/div>\n\t\t\t\t<\/div>\n\t\t","protected":false},"excerpt":{"rendered":"<p>Gussb\u00f6den bringen Form und Funktion in perfekte Harmonie. Gussb\u00f6den Gussb\u00f6den sind die perfekte Kombination aus Stil und Funktionalit\u00e4t f\u00fcr moderne Innenr\u00e4ume. Ihr nahtloses, klares Aussehen passt m\u00fchelos in eine Vielzahl von R\u00e4umen, von Wohnungen bis hin zu schicken B\u00fcroumgebungen. Gussb\u00f6den bieten einen zeitlosen Look und passen sich wechselnden Einrichtungstrends an, so dass Ihr Raum immer [&hellip;]<\/p>\n","protected":false},"author":1,"featured_media":0,"parent":0,"menu_order":0,"comment_status":"closed","ping_status":"closed","template":"","meta":{"footnotes":""},"class_list":["post-717","page","type-page","status-publish","hentry"],"_links":{"self":[{"href":"https:\/\/grindexpert.nl\/de\/wp-json\/wp\/v2\/pages\/717","targetHints":{"allow":["GET"]}}],"collection":[{"href":"https:\/\/grindexpert.nl\/de\/wp-json\/wp\/v2\/pages"}],"about":[{"href":"https:\/\/grindexpert.nl\/de\/wp-json\/wp\/v2\/types\/page"}],"author":[{"embeddable":true,"href":"https:\/\/grindexpert.nl\/de\/wp-json\/wp\/v2\/users\/1"}],"replies":[{"embeddable":true,"href":"https:\/\/grindexpert.nl\/de\/wp-json\/wp\/v2\/comments?post=717"}],"version-history":[{"count":0,"href":"https:\/\/grindexpert.nl\/de\/wp-json\/wp\/v2\/pages\/717\/revisions"}],"wp:attachment":[{"href":"https:\/\/grindexpert.nl\/de\/wp-json\/wp\/v2\/media?parent=717"}],"curies":[{"name":"wp","href":"https:\/\/api.w.org\/{rel}","templated":true}]}}